{"id":1303,"date":"2024-09-03T09:37:33","date_gmt":"2024-09-03T07:37:33","guid":{"rendered":"https:\/\/epimenplus.com\/product\/te-di-ella-100g\/"},"modified":"2025-03-11T15:39:42","modified_gmt":"2025-03-11T14:39:42","slug":"te-di-ella-100g","status":"publish","type":"product","link":"https:\/\/epimen.hr\/it\/prodotto\/te-di-ella-100g\/","title":{"rendered":"T\u00e8 di Ella 100g"},"content":{"rendered":"<p>Il t\u00e8 di Ella \u00e8 il tuo alleato per la disintossicazione e la perdita di peso!<\/p>\n<p>&nbsp;<\/p>\n<p>Il t\u00e8 di Ella contiene foglie di frassino bianco, foglie di betulla, fiori di sambuco nero, parte verde di verga d&#8217;oro europea, foglie di menta piperita e frutti di finocchio comune. Questo t\u00e8 \u00e8 il partner perfetto per perdere peso perch\u00e9 aiuta a disintossicare il corpo e stimola il metabolismo. In questo modo ti aiuta a eliminare i liquidi in eccesso e le tossine, il che lo rende un&#8217;ottima scelta per combattere la cellulite, e il consumo regolare ti aiuter\u00e0 a mantenere un peso corporeo ideale.  <\/p>\n<p>&nbsp;<\/p>\n<p>Si consiglia di versare 1,5 cucchiai grandi di t\u00e8 con 1,5 litri di acqua calda. Bevi il t\u00e8 2-3 volte al giorno prima dei pasti e il tuo corpo ricever\u00e0 nuova energia! <\/p>\n","protected":false},"excerpt":{"rendered":"<p>1 scatola oppure 2+1 gratis<\/p>\n","protected":false},"featured_media":1304,"template":"","meta":[],"product_brand":[],"product_cat":[39],"product_tag":[],"class_list":{"0":"post-1303","1":"product","2":"type-product","3":"status-publish","4":"has-post-thumbnail","6":"product_cat-prodotto","8":"first","9":"instock","10":"taxable","11":"shipping-taxable","12":"purchasable","13":"product-type-variable","14":"has-default-attributes"},"yoast_head":"<!-- This site is optimized with the Yoast SEO plugin v27.1.1 - https:\/\/yoast.com\/product\/yoast-seo-wordpress\/ -->\n<title>Il t\u00e8 di Ella \u2013 Supporto naturale per la salute e l&#039;equilibrio<\/title>\n<meta name=\"description\" content=\"T\u00e8 di Ella \u2013 Tisana naturale per il supporto della salute, la disintossicazione e la perdita di peso. Scopri i benefici degli ingredienti naturali e ordina adesso\" \/>\n<meta name=\"robots\" content=\"index, follow, max-snippet:-1, max-image-preview:large, max-video-preview:-1\" \/>\n<link rel=\"canonical\" href=\"https:\/\/epimen.hr\/it\/prodotto\/te-di-ella-100g\/\" \/>\n<meta property=\"og:locale\" content=\"it_IT\" \/>\n<meta property=\"og:type\" content=\"article\" \/>\n<meta property=\"og:title\" content=\"Il t\u00e8 di Ella \u2013 Supporto naturale per la salute e l&#039;equilibrio\" \/>\n<meta property=\"og:description\" content=\"T\u00e8 di Ella \u2013 Tisana naturale per il supporto della salute, la disintossicazione e la perdita di peso. Scopri i benefici degli ingredienti naturali e ordina adesso\" \/>\n<meta property=\"og:url\" content=\"https:\/\/epimen.hr\/it\/prodotto\/te-di-ella-100g\/\" \/>\n<meta property=\"og:site_name\" content=\"Epimenplus\" \/>\n<meta property=\"article:publisher\" content=\"https:\/\/www.facebook.com\/epimenplushrvatska\" \/>\n<meta property=\"article:modified_time\" content=\"2025-03-11T14:39:42+00:00\" \/>\n<meta property=\"og:image\" content=\"https:\/\/epimen.hr\/wp-content\/uploads\/2024\/09\/ellas-caj.jpg\" \/>\n\t<meta property=\"og:image:width\" content=\"1410\" \/>\n\t<meta property=\"og:image:height\" content=\"1410\" \/>\n\t<meta property=\"og:image:type\" content=\"image\/jpeg\" \/>\n<meta name=\"twitter:card\" content=\"summary_large_image\" \/>\n<meta name=\"twitter:label1\" content=\"Tempo di lettura stimato\" \/>\n\t<meta name=\"twitter:data1\" content=\"1 minuto\" \/>\n<script type=\"application\/ld+json\" class=\"yoast-schema-graph\">{\"@context\":\"https:\/\/schema.org\",\"@graph\":[{\"@type\":\"WebPage\",\"@id\":\"https:\/\/epimen.hr\/it\/prodotto\/te-di-ella-100g\/\",\"url\":\"https:\/\/epimen.hr\/it\/prodotto\/te-di-ella-100g\/\",\"name\":\"Il t\u00e8 di Ella \u2013 Supporto naturale per la salute e l'equilibrio\",\"isPartOf\":{\"@id\":\"https:\/\/epimen.hr\/it\/#website\"},\"primaryImageOfPage\":{\"@id\":\"https:\/\/epimen.hr\/it\/prodotto\/te-di-ella-100g\/#primaryimage\"},\"image\":{\"@id\":\"https:\/\/epimen.hr\/it\/prodotto\/te-di-ella-100g\/#primaryimage\"},\"thumbnailUrl\":\"https:\/\/epimen.hr\/wp-content\/uploads\/2024\/09\/ellas-caj.jpg\",\"datePublished\":\"2024-09-03T07:37:33+00:00\",\"dateModified\":\"2025-03-11T14:39:42+00:00\",\"description\":\"T\u00e8 di Ella \u2013 Tisana naturale per il supporto della salute, la disintossicazione e la perdita di peso. Scopri i benefici degli ingredienti naturali e ordina adesso\",\"breadcrumb\":{\"@id\":\"https:\/\/epimen.hr\/it\/prodotto\/te-di-ella-100g\/#breadcrumb\"},\"inLanguage\":\"it-IT\",\"potentialAction\":[{\"@type\":\"ReadAction\",\"target\":[\"https:\/\/epimen.hr\/it\/prodotto\/te-di-ella-100g\/\"]}]},{\"@type\":\"ImageObject\",\"inLanguage\":\"it-IT\",\"@id\":\"https:\/\/epimen.hr\/it\/prodotto\/te-di-ella-100g\/#primaryimage\",\"url\":\"https:\/\/epimen.hr\/wp-content\/uploads\/2024\/09\/ellas-caj.jpg\",\"contentUrl\":\"https:\/\/epimen.hr\/wp-content\/uploads\/2024\/09\/ellas-caj.jpg\",\"width\":1410,\"height\":1410},{\"@type\":\"BreadcrumbList\",\"@id\":\"https:\/\/epimen.hr\/it\/prodotto\/te-di-ella-100g\/#breadcrumb\",\"itemListElement\":[{\"@type\":\"ListItem\",\"position\":1,\"name\":\"Po\u010detna stranica\",\"item\":\"https:\/\/epimen.hr\/it\/\"},{\"@type\":\"ListItem\",\"position\":2,\"name\":\"Negozio\",\"item\":\"https:\/\/epimen.hr\/it\/negozio\/\"},{\"@type\":\"ListItem\",\"position\":3,\"name\":\"T\u00e8 di Ella 100g\"}]},{\"@type\":\"WebSite\",\"@id\":\"https:\/\/epimen.hr\/it\/#website\",\"url\":\"https:\/\/epimen.hr\/it\/\",\"name\":\"Epimenplus\",\"description\":\"\",\"publisher\":{\"@id\":\"https:\/\/epimen.hr\/it\/#organization\"},\"potentialAction\":[{\"@type\":\"SearchAction\",\"target\":{\"@type\":\"EntryPoint\",\"urlTemplate\":\"https:\/\/epimen.hr\/it\/?s={search_term_string}\"},\"query-input\":{\"@type\":\"PropertyValueSpecification\",\"valueRequired\":true,\"valueName\":\"search_term_string\"}}],\"inLanguage\":\"it-IT\"},{\"@type\":\"Organization\",\"@id\":\"https:\/\/epimen.hr\/it\/#organization\",\"name\":\"Epimen d.o.o.\",\"url\":\"https:\/\/epimen.hr\/it\/\",\"logo\":{\"@type\":\"ImageObject\",\"inLanguage\":\"it-IT\",\"@id\":\"https:\/\/epimen.hr\/it\/#\/schema\/logo\/image\/\",\"url\":\"https:\/\/epimen.hr\/wp-content\/uploads\/2024\/08\/epimen_logo.png\",\"contentUrl\":\"https:\/\/epimen.hr\/wp-content\/uploads\/2024\/08\/epimen_logo.png\",\"width\":336,\"height\":38,\"caption\":\"Epimen d.o.o.\"},\"image\":{\"@id\":\"https:\/\/epimen.hr\/it\/#\/schema\/logo\/image\/\"},\"sameAs\":[\"https:\/\/www.facebook.com\/epimenplushrvatska\"]}]}<\/script>\n<!-- \/ Yoast SEO plugin. -->","yoast_head_json":{"title":"Il t\u00e8 di Ella \u2013 Supporto naturale per la salute e l'equilibrio","description":"T\u00e8 di Ella \u2013 Tisana naturale per il supporto della salute, la disintossicazione e la perdita di peso. Scopri i benefici degli ingredienti naturali e ordina adesso","robots":{"index":"index","follow":"follow","max-snippet":"max-snippet:-1","max-image-preview":"max-image-preview:large","max-video-preview":"max-video-preview:-1"},"canonical":"https:\/\/epimen.hr\/it\/prodotto\/te-di-ella-100g\/","og_locale":"it_IT","og_type":"article","og_title":"Il t\u00e8 di Ella \u2013 Supporto naturale per la salute e l'equilibrio","og_description":"T\u00e8 di Ella \u2013 Tisana naturale per il supporto della salute, la disintossicazione e la perdita di peso. Scopri i benefici degli ingredienti naturali e ordina adesso","og_url":"https:\/\/epimen.hr\/it\/prodotto\/te-di-ella-100g\/","og_site_name":"Epimenplus","article_publisher":"https:\/\/www.facebook.com\/epimenplushrvatska","article_modified_time":"2025-03-11T14:39:42+00:00","og_image":[{"width":1410,"height":1410,"url":"https:\/\/epimen.hr\/wp-content\/uploads\/2024\/09\/ellas-caj.jpg","type":"image\/jpeg"}],"twitter_card":"summary_large_image","twitter_misc":{"Tempo di lettura stimato":"1 minuto"},"schema":{"@context":"https:\/\/schema.org","@graph":[{"@type":"WebPage","@id":"https:\/\/epimen.hr\/it\/prodotto\/te-di-ella-100g\/","url":"https:\/\/epimen.hr\/it\/prodotto\/te-di-ella-100g\/","name":"Il t\u00e8 di Ella \u2013 Supporto naturale per la salute e l'equilibrio","isPartOf":{"@id":"https:\/\/epimen.hr\/it\/#website"},"primaryImageOfPage":{"@id":"https:\/\/epimen.hr\/it\/prodotto\/te-di-ella-100g\/#primaryimage"},"image":{"@id":"https:\/\/epimen.hr\/it\/prodotto\/te-di-ella-100g\/#primaryimage"},"thumbnailUrl":"https:\/\/epimen.hr\/wp-content\/uploads\/2024\/09\/ellas-caj.jpg","datePublished":"2024-09-03T07:37:33+00:00","dateModified":"2025-03-11T14:39:42+00:00","description":"T\u00e8 di Ella \u2013 Tisana naturale per il supporto della salute, la disintossicazione e la perdita di peso. Scopri i benefici degli ingredienti naturali e ordina adesso","breadcrumb":{"@id":"https:\/\/epimen.hr\/it\/prodotto\/te-di-ella-100g\/#breadcrumb"},"inLanguage":"it-IT","potentialAction":[{"@type":"ReadAction","target":["https:\/\/epimen.hr\/it\/prodotto\/te-di-ella-100g\/"]}]},{"@type":"ImageObject","inLanguage":"it-IT","@id":"https:\/\/epimen.hr\/it\/prodotto\/te-di-ella-100g\/#primaryimage","url":"https:\/\/epimen.hr\/wp-content\/uploads\/2024\/09\/ellas-caj.jpg","contentUrl":"https:\/\/epimen.hr\/wp-content\/uploads\/2024\/09\/ellas-caj.jpg","width":1410,"height":1410},{"@type":"BreadcrumbList","@id":"https:\/\/epimen.hr\/it\/prodotto\/te-di-ella-100g\/#breadcrumb","itemListElement":[{"@type":"ListItem","position":1,"name":"Po\u010detna stranica","item":"https:\/\/epimen.hr\/it\/"},{"@type":"ListItem","position":2,"name":"Negozio","item":"https:\/\/epimen.hr\/it\/negozio\/"},{"@type":"ListItem","position":3,"name":"T\u00e8 di Ella 100g"}]},{"@type":"WebSite","@id":"https:\/\/epimen.hr\/it\/#website","url":"https:\/\/epimen.hr\/it\/","name":"Epimenplus","description":"","publisher":{"@id":"https:\/\/epimen.hr\/it\/#organization"},"potentialAction":[{"@type":"SearchAction","target":{"@type":"EntryPoint","urlTemplate":"https:\/\/epimen.hr\/it\/?s={search_term_string}"},"query-input":{"@type":"PropertyValueSpecification","valueRequired":true,"valueName":"search_term_string"}}],"inLanguage":"it-IT"},{"@type":"Organization","@id":"https:\/\/epimen.hr\/it\/#organization","name":"Epimen d.o.o.","url":"https:\/\/epimen.hr\/it\/","logo":{"@type":"ImageObject","inLanguage":"it-IT","@id":"https:\/\/epimen.hr\/it\/#\/schema\/logo\/image\/","url":"https:\/\/epimen.hr\/wp-content\/uploads\/2024\/08\/epimen_logo.png","contentUrl":"https:\/\/epimen.hr\/wp-content\/uploads\/2024\/08\/epimen_logo.png","width":336,"height":38,"caption":"Epimen d.o.o."},"image":{"@id":"https:\/\/epimen.hr\/it\/#\/schema\/logo\/image\/"},"sameAs":["https:\/\/www.facebook.com\/epimenplushrvatska"]}]}},"_links":{"self":[{"href":"https:\/\/epimen.hr\/it\/wp-json\/wp\/v2\/product\/1303","targetHints":{"allow":["GET"]}}],"collection":[{"href":"https:\/\/epimen.hr\/it\/wp-json\/wp\/v2\/product"}],"about":[{"href":"https:\/\/epimen.hr\/it\/wp-json\/wp\/v2\/types\/product"}],"wp:featuredmedia":[{"embeddable":true,"href":"https:\/\/epimen.hr\/it\/wp-json\/wp\/v2\/media\/1304"}],"wp:attachment":[{"href":"https:\/\/epimen.hr\/it\/wp-json\/wp\/v2\/media?parent=1303"}],"wp:term":[{"taxonomy":"product_brand","embeddable":true,"href":"https:\/\/epimen.hr\/it\/wp-json\/wp\/v2\/product_brand?post=1303"},{"taxonomy":"product_cat","embeddable":true,"href":"https:\/\/epimen.hr\/it\/wp-json\/wp\/v2\/product_cat?post=1303"},{"taxonomy":"product_tag","embeddable":true,"href":"https:\/\/epimen.hr\/it\/wp-json\/wp\/v2\/product_tag?post=1303"}],"curies":[{"name":"wp","href":"https:\/\/api.w.org\/{rel}","templated":true}]}}