{"id":2162,"date":"2024-09-03T09:37:33","date_gmt":"2024-09-03T07:37:33","guid":{"rendered":"https:\/\/epimenplus.com\/product\/ellas-tee-100g\/"},"modified":"2025-04-14T15:41:38","modified_gmt":"2025-04-14T13:41:38","slug":"ellas-tee-100g","status":"publish","type":"product","link":"https:\/\/epimen.hr\/de\/produkt\/ellas-tee-100g\/","title":{"rendered":"Ellas Tee 100g"},"content":{"rendered":"<p>Ellas Tee ist Ihr Verb\u00fcndeter zur Entgiftung und Gewichtsabnahme!<\/p>\n<p>&nbsp;<\/p>\n<p>Ellas Tee enth\u00e4lt wei\u00dfe Eschenbl\u00e4tter, Birkenbl\u00e4tter, schwarze Holunderbl\u00fcten, den gr\u00fcnen Teil der europ\u00e4ischen Goldrute, Pfefferminzbl\u00e4tter und Fenchelfr\u00fcchte. Dieser Tee ist der perfekte Partner beim Abnehmen, denn er hilft bei der Entgiftung des K\u00f6rpers und regt den Stoffwechsel an. Auf diese Weise hilft es Ihnen, \u00fcbersch\u00fcssige Fl\u00fcssigkeit und Giftstoffe loszuwerden, was es zu einer hervorragenden Wahl zur Bek\u00e4mpfung von Cellulite macht, und der regelm\u00e4\u00dfige Verzehr hilft Ihnen, Ihr ideales K\u00f6rpergewicht zu halten.  <\/p>\n<p>&nbsp;<\/p>\n<p>Es wird empfohlen, 1,5 gro\u00dfe Essl\u00f6ffel Tee mit 1,5 Liter hei\u00dfem Wasser aufzugie\u00dfen. Trinken Sie 2-3 mal t\u00e4glich vor den Mahlzeiten Tee und Ihr K\u00f6rper bekommt neue Energie! <\/p>\n","protected":false},"excerpt":{"rendered":"<p>1 Box oder 2+1 gratis<\/p>\n","protected":false},"featured_media":2159,"template":"","meta":[],"product_brand":[],"product_cat":[61],"product_tag":[],"class_list":{"0":"post-2162","1":"product","2":"type-product","3":"status-publish","4":"has-post-thumbnail","6":"product_cat-produkt","8":"first","9":"instock","10":"taxable","11":"shipping-taxable","12":"purchasable","13":"product-type-variable","14":"has-default-attributes"},"yoast_head":"<!-- This site is optimized with the Yoast SEO plugin v27.1.1 - https:\/\/yoast.com\/product\/yoast-seo-wordpress\/ -->\n<title>Ellas Tee \u2013 Nat\u00fcrliche Unterst\u00fctzung f\u00fcr Gesundheit und Ausgeglichenheit<\/title>\n<meta name=\"description\" content=\"Ellas Tee \u2013 Nat\u00fcrlicher Kr\u00e4utertee zur Gesundheitsf\u00f6rderung, Entgiftung und Gewichtsabnahme. Entdecken Sie die Vorteile nat\u00fcrlicher Inhaltsstoffe und bestellen Sie jetzt\" \/>\n<meta name=\"robots\" content=\"index, follow, max-snippet:-1, max-image-preview:large, max-video-preview:-1\" \/>\n<link rel=\"canonical\" href=\"https:\/\/epimen.hr\/de\/produkt\/ellas-tee-100g\/\" \/>\n<meta property=\"og:locale\" content=\"de_DE\" \/>\n<meta property=\"og:type\" content=\"article\" \/>\n<meta property=\"og:title\" content=\"Ellas Tee \u2013 Nat\u00fcrliche Unterst\u00fctzung f\u00fcr Gesundheit und Ausgeglichenheit\" \/>\n<meta property=\"og:description\" content=\"Ellas Tee \u2013 Nat\u00fcrlicher Kr\u00e4utertee zur Gesundheitsf\u00f6rderung, Entgiftung und Gewichtsabnahme. Entdecken Sie die Vorteile nat\u00fcrlicher Inhaltsstoffe und bestellen Sie jetzt\" \/>\n<meta property=\"og:url\" content=\"https:\/\/epimen.hr\/de\/produkt\/ellas-tee-100g\/\" \/>\n<meta property=\"og:site_name\" content=\"Epimenplus\" \/>\n<meta property=\"article:publisher\" content=\"https:\/\/www.facebook.com\/epimenplushrvatska\" \/>\n<meta property=\"article:modified_time\" content=\"2025-04-14T13:41:38+00:00\" \/>\n<meta property=\"og:image\" content=\"https:\/\/epimen.hr\/wp-content\/uploads\/2024\/09\/ellas-caj.jpg\" \/>\n\t<meta property=\"og:image:width\" content=\"1410\" \/>\n\t<meta property=\"og:image:height\" content=\"1410\" \/>\n\t<meta property=\"og:image:type\" content=\"image\/jpeg\" \/>\n<meta name=\"twitter:card\" content=\"summary_large_image\" \/>\n<meta name=\"twitter:label1\" content=\"Gesch\u00e4tzte Lesezeit\" \/>\n\t<meta name=\"twitter:data1\" content=\"1\u00a0Minute\" \/>\n<script type=\"application\/ld+json\" class=\"yoast-schema-graph\">{\"@context\":\"https:\/\/schema.org\",\"@graph\":[{\"@type\":\"WebPage\",\"@id\":\"https:\/\/epimen.hr\/de\/produkt\/ellas-tee-100g\/\",\"url\":\"https:\/\/epimen.hr\/de\/produkt\/ellas-tee-100g\/\",\"name\":\"Ellas Tee \u2013 Nat\u00fcrliche Unterst\u00fctzung f\u00fcr Gesundheit und Ausgeglichenheit\",\"isPartOf\":{\"@id\":\"https:\/\/epimen.hr\/de\/#website\"},\"primaryImageOfPage\":{\"@id\":\"https:\/\/epimen.hr\/de\/produkt\/ellas-tee-100g\/#primaryimage\"},\"image\":{\"@id\":\"https:\/\/epimen.hr\/de\/produkt\/ellas-tee-100g\/#primaryimage\"},\"thumbnailUrl\":\"https:\/\/epimen.hr\/wp-content\/uploads\/2024\/09\/ellas-caj.jpg\",\"datePublished\":\"2024-09-03T07:37:33+00:00\",\"dateModified\":\"2025-04-14T13:41:38+00:00\",\"description\":\"Ellas Tee \u2013 Nat\u00fcrlicher Kr\u00e4utertee zur Gesundheitsf\u00f6rderung, Entgiftung und Gewichtsabnahme. Entdecken Sie die Vorteile nat\u00fcrlicher Inhaltsstoffe und bestellen Sie jetzt\",\"breadcrumb\":{\"@id\":\"https:\/\/epimen.hr\/de\/produkt\/ellas-tee-100g\/#breadcrumb\"},\"inLanguage\":\"de\",\"potentialAction\":[{\"@type\":\"ReadAction\",\"target\":[\"https:\/\/epimen.hr\/de\/produkt\/ellas-tee-100g\/\"]}]},{\"@type\":\"ImageObject\",\"inLanguage\":\"de\",\"@id\":\"https:\/\/epimen.hr\/de\/produkt\/ellas-tee-100g\/#primaryimage\",\"url\":\"https:\/\/epimen.hr\/wp-content\/uploads\/2024\/09\/ellas-caj.jpg\",\"contentUrl\":\"https:\/\/epimen.hr\/wp-content\/uploads\/2024\/09\/ellas-caj.jpg\",\"width\":1410,\"height\":1410},{\"@type\":\"BreadcrumbList\",\"@id\":\"https:\/\/epimen.hr\/de\/produkt\/ellas-tee-100g\/#breadcrumb\",\"itemListElement\":[{\"@type\":\"ListItem\",\"position\":1,\"name\":\"Po\u010detna stranica\",\"item\":\"https:\/\/epimen.hr\/de\/\"},{\"@type\":\"ListItem\",\"position\":2,\"name\":\"Webshop\",\"item\":\"https:\/\/epimen.hr\/de\/webshop\/\"},{\"@type\":\"ListItem\",\"position\":3,\"name\":\"Ellas Tee 100g\"}]},{\"@type\":\"WebSite\",\"@id\":\"https:\/\/epimen.hr\/de\/#website\",\"url\":\"https:\/\/epimen.hr\/de\/\",\"name\":\"Epimenplus\",\"description\":\"\",\"publisher\":{\"@id\":\"https:\/\/epimen.hr\/de\/#organization\"},\"potentialAction\":[{\"@type\":\"SearchAction\",\"target\":{\"@type\":\"EntryPoint\",\"urlTemplate\":\"https:\/\/epimen.hr\/de\/?s={search_term_string}\"},\"query-input\":{\"@type\":\"PropertyValueSpecification\",\"valueRequired\":true,\"valueName\":\"search_term_string\"}}],\"inLanguage\":\"de\"},{\"@type\":\"Organization\",\"@id\":\"https:\/\/epimen.hr\/de\/#organization\",\"name\":\"Epimen d.o.o.\",\"url\":\"https:\/\/epimen.hr\/de\/\",\"logo\":{\"@type\":\"ImageObject\",\"inLanguage\":\"de\",\"@id\":\"https:\/\/epimen.hr\/de\/#\/schema\/logo\/image\/\",\"url\":\"https:\/\/epimen.hr\/wp-content\/uploads\/2024\/08\/epimen_logo.png\",\"contentUrl\":\"https:\/\/epimen.hr\/wp-content\/uploads\/2024\/08\/epimen_logo.png\",\"width\":336,\"height\":38,\"caption\":\"Epimen d.o.o.\"},\"image\":{\"@id\":\"https:\/\/epimen.hr\/de\/#\/schema\/logo\/image\/\"},\"sameAs\":[\"https:\/\/www.facebook.com\/epimenplushrvatska\"]}]}<\/script>\n<!-- \/ Yoast SEO plugin. -->","yoast_head_json":{"title":"Ellas Tee \u2013 Nat\u00fcrliche Unterst\u00fctzung f\u00fcr Gesundheit und Ausgeglichenheit","description":"Ellas Tee \u2013 Nat\u00fcrlicher Kr\u00e4utertee zur Gesundheitsf\u00f6rderung, Entgiftung und Gewichtsabnahme. Entdecken Sie die Vorteile nat\u00fcrlicher Inhaltsstoffe und bestellen Sie jetzt","robots":{"index":"index","follow":"follow","max-snippet":"max-snippet:-1","max-image-preview":"max-image-preview:large","max-video-preview":"max-video-preview:-1"},"canonical":"https:\/\/epimen.hr\/de\/produkt\/ellas-tee-100g\/","og_locale":"de_DE","og_type":"article","og_title":"Ellas Tee \u2013 Nat\u00fcrliche Unterst\u00fctzung f\u00fcr Gesundheit und Ausgeglichenheit","og_description":"Ellas Tee \u2013 Nat\u00fcrlicher Kr\u00e4utertee zur Gesundheitsf\u00f6rderung, Entgiftung und Gewichtsabnahme. Entdecken Sie die Vorteile nat\u00fcrlicher Inhaltsstoffe und bestellen Sie jetzt","og_url":"https:\/\/epimen.hr\/de\/produkt\/ellas-tee-100g\/","og_site_name":"Epimenplus","article_publisher":"https:\/\/www.facebook.com\/epimenplushrvatska","article_modified_time":"2025-04-14T13:41:38+00:00","og_image":[{"width":1410,"height":1410,"url":"https:\/\/epimen.hr\/wp-content\/uploads\/2024\/09\/ellas-caj.jpg","type":"image\/jpeg"}],"twitter_card":"summary_large_image","twitter_misc":{"Gesch\u00e4tzte Lesezeit":"1\u00a0Minute"},"schema":{"@context":"https:\/\/schema.org","@graph":[{"@type":"WebPage","@id":"https:\/\/epimen.hr\/de\/produkt\/ellas-tee-100g\/","url":"https:\/\/epimen.hr\/de\/produkt\/ellas-tee-100g\/","name":"Ellas Tee \u2013 Nat\u00fcrliche Unterst\u00fctzung f\u00fcr Gesundheit und Ausgeglichenheit","isPartOf":{"@id":"https:\/\/epimen.hr\/de\/#website"},"primaryImageOfPage":{"@id":"https:\/\/epimen.hr\/de\/produkt\/ellas-tee-100g\/#primaryimage"},"image":{"@id":"https:\/\/epimen.hr\/de\/produkt\/ellas-tee-100g\/#primaryimage"},"thumbnailUrl":"https:\/\/epimen.hr\/wp-content\/uploads\/2024\/09\/ellas-caj.jpg","datePublished":"2024-09-03T07:37:33+00:00","dateModified":"2025-04-14T13:41:38+00:00","description":"Ellas Tee \u2013 Nat\u00fcrlicher Kr\u00e4utertee zur Gesundheitsf\u00f6rderung, Entgiftung und Gewichtsabnahme. Entdecken Sie die Vorteile nat\u00fcrlicher Inhaltsstoffe und bestellen Sie jetzt","breadcrumb":{"@id":"https:\/\/epimen.hr\/de\/produkt\/ellas-tee-100g\/#breadcrumb"},"inLanguage":"de","potentialAction":[{"@type":"ReadAction","target":["https:\/\/epimen.hr\/de\/produkt\/ellas-tee-100g\/"]}]},{"@type":"ImageObject","inLanguage":"de","@id":"https:\/\/epimen.hr\/de\/produkt\/ellas-tee-100g\/#primaryimage","url":"https:\/\/epimen.hr\/wp-content\/uploads\/2024\/09\/ellas-caj.jpg","contentUrl":"https:\/\/epimen.hr\/wp-content\/uploads\/2024\/09\/ellas-caj.jpg","width":1410,"height":1410},{"@type":"BreadcrumbList","@id":"https:\/\/epimen.hr\/de\/produkt\/ellas-tee-100g\/#breadcrumb","itemListElement":[{"@type":"ListItem","position":1,"name":"Po\u010detna stranica","item":"https:\/\/epimen.hr\/de\/"},{"@type":"ListItem","position":2,"name":"Webshop","item":"https:\/\/epimen.hr\/de\/webshop\/"},{"@type":"ListItem","position":3,"name":"Ellas Tee 100g"}]},{"@type":"WebSite","@id":"https:\/\/epimen.hr\/de\/#website","url":"https:\/\/epimen.hr\/de\/","name":"Epimenplus","description":"","publisher":{"@id":"https:\/\/epimen.hr\/de\/#organization"},"potentialAction":[{"@type":"SearchAction","target":{"@type":"EntryPoint","urlTemplate":"https:\/\/epimen.hr\/de\/?s={search_term_string}"},"query-input":{"@type":"PropertyValueSpecification","valueRequired":true,"valueName":"search_term_string"}}],"inLanguage":"de"},{"@type":"Organization","@id":"https:\/\/epimen.hr\/de\/#organization","name":"Epimen d.o.o.","url":"https:\/\/epimen.hr\/de\/","logo":{"@type":"ImageObject","inLanguage":"de","@id":"https:\/\/epimen.hr\/de\/#\/schema\/logo\/image\/","url":"https:\/\/epimen.hr\/wp-content\/uploads\/2024\/08\/epimen_logo.png","contentUrl":"https:\/\/epimen.hr\/wp-content\/uploads\/2024\/08\/epimen_logo.png","width":336,"height":38,"caption":"Epimen d.o.o."},"image":{"@id":"https:\/\/epimen.hr\/de\/#\/schema\/logo\/image\/"},"sameAs":["https:\/\/www.facebook.com\/epimenplushrvatska"]}]}},"_links":{"self":[{"href":"https:\/\/epimen.hr\/de\/wp-json\/wp\/v2\/product\/2162","targetHints":{"allow":["GET"]}}],"collection":[{"href":"https:\/\/epimen.hr\/de\/wp-json\/wp\/v2\/product"}],"about":[{"href":"https:\/\/epimen.hr\/de\/wp-json\/wp\/v2\/types\/product"}],"wp:featuredmedia":[{"embeddable":true,"href":"https:\/\/epimen.hr\/de\/wp-json\/wp\/v2\/media\/2159"}],"wp:attachment":[{"href":"https:\/\/epimen.hr\/de\/wp-json\/wp\/v2\/media?parent=2162"}],"wp:term":[{"taxonomy":"product_brand","embeddable":true,"href":"https:\/\/epimen.hr\/de\/wp-json\/wp\/v2\/product_brand?post=2162"},{"taxonomy":"product_cat","embeddable":true,"href":"https:\/\/epimen.hr\/de\/wp-json\/wp\/v2\/product_cat?post=2162"},{"taxonomy":"product_tag","embeddable":true,"href":"https:\/\/epimen.hr\/de\/wp-json\/wp\/v2\/product_tag?post=2162"}],"curies":[{"name":"wp","href":"https:\/\/api.w.org\/{rel}","templated":true}]}}