{"id":2151,"date":"2024-09-03T09:37:30","date_gmt":"2024-09-03T09:37:30","guid":{"rendered":"https:\/\/epimenplus.com\/product\/epimen-plus-kapseln\/"},"modified":"2026-03-03T16:34:36","modified_gmt":"2026-03-03T15:34:36","slug":"epimen-plus-kapseln","status":"publish","type":"product","link":"https:\/\/epimen.hr\/de\/produkt\/epimen-plus-kapseln\/","title":{"rendered":"Epimen Plus Kapseln"},"content":{"rendered":"<p>Epimen Plus-Kapseln enthalten nur nat\u00fcrliche Inhaltsstoffe: japanischer Sophora-Samen-Extrakt, Granatapfelfrucht-Extrakt, s\u00fc\u00dfer Mandelsamen-Extrakt und chinesischer Zimtrinden-Extrakt. Nat\u00fcrliche Inhaltsstoffe werden Ihr Verb\u00fcndeter bei erektiler Dysfunktion und gesteigerter Libido sein: Sie helfen, Entz\u00fcndungen zu reduzieren, die Blutversorgung der Prostata zu verbessern und das Vergn\u00fcgen und die Dauer des Geschlechtsakts zu verl\u00e4ngern. <\/p>\n<p>&nbsp;<\/p>\n<p>Epimen Plus-Kapseln sind f\u00fcr alle Altersgruppen geeignet, sodass Sie sie unabh\u00e4ngig davon verwenden k\u00f6nnen, ob Sie in den Zwanzigern oder im reifen Alter sind. Bestellen Sie sie noch heute auf unserer Website, mit schneller und h\u00f6chst diskreter Lieferung \u2013 lassen Sie Ihre geheime Zutat des Genusses bei uns bleiben! <\/p>\n<p>&nbsp;<\/p>\n<p>Personen, die Medikamente einnehmen, sowie Personen mit <strong>Herzbeschwerden, erh\u00f6htem Blutdruck<\/strong> <strong>und Diabetiker sollten sich vor der Einnahme der Kapseln mit ihrem Arzt oder Apotheker beraten<\/strong>.<br \/>\nDie Kapseln d\u00fcrfen nicht von Personen eingenommen werden, die auf einen der Inhaltsstoffe \u00fcberempfindlich reagieren.<br \/>\nEpimen Plus Kapseln sind nicht f\u00fcr Frauen geeignet.<br \/>\nE104 und E110 k\u00f6nnen Aktivit\u00e4t und Aufmerksamkeit bei Kindern beeintr\u00e4chtigen.<\/p>\n<p>&nbsp;<\/p>\n<p>Inhaltsstoffe:<br \/>\n<strong>Extrakt aus Samen der Japanischen Sauerquitte, Granatapfelfruchtextrakt, S\u00fc\u00dfmandelkernextrakt, Extrakt aus chinesischer Zimtrinde, Gelatine, Trennmittel Magnesiumstearat, Farbstoffe: Zinkoxid, Patentblau V (E131), Chinolingelb (E104), Gelborange S (E110). Packung enth\u00e4lt zwei Kapseln \u00e0 450 g\/Nahrungserg\u00e4nzungsmittel.<\/strong><\/p>\n<p>&nbsp;<\/p>\n<p>Epimen Plus wird 1 Kapsel t\u00e4glich etwa 40-45 Minuten vor der Aktivit\u00e4t auf n\u00fcchternen Magen eingenommen.<\/p>\n<section class=\"related products\"><\/section>\n","protected":false},"excerpt":{"rendered":"<p>1 Karton, 2+1 gratis oder 6+3 gratis (kostenlose Lieferung)<\/p>\n","protected":false},"featured_media":3178,"template":"","meta":[],"product_brand":[],"product_cat":[61],"product_tag":[],"class_list":{"0":"post-2151","1":"product","2":"type-product","3":"status-publish","4":"has-post-thumbnail","6":"product_cat-produkt","8":"first","9":"instock","10":"taxable","11":"shipping-taxable","12":"purchasable","13":"product-type-variable","14":"has-default-attributes"},"yoast_head":"<!-- This site is optimized with the Yoast SEO plugin v27.1.1 - https:\/\/yoast.com\/product\/yoast-seo-wordpress\/ -->\n<title>Epimen Plus Kapseln \u2013 Nat\u00fcrliche Erg\u00e4nzung f\u00fcr eine bessere Potenz<\/title>\n<meta name=\"description\" content=\"Epimen Plus Kapseln \u2013 Nat\u00fcrliches Nahrungserg\u00e4nzungsmittel zur Verbesserung der Potenz. Bestellen Sie jetzt auf der offiziellen Website und gewinnen Sie Ihr Vertrauen zur\u00fcck\" \/>\n<meta name=\"robots\" content=\"index, follow, max-snippet:-1, max-image-preview:large, max-video-preview:-1\" \/>\n<link rel=\"canonical\" href=\"https:\/\/epimen.hr\/de\/produkt\/epimen-plus-kapseln\/\" \/>\n<meta property=\"og:locale\" content=\"de_DE\" \/>\n<meta property=\"og:type\" content=\"article\" \/>\n<meta property=\"og:title\" content=\"Epimen Plus Kapseln \u2013 Nat\u00fcrliche Erg\u00e4nzung f\u00fcr eine bessere Potenz\" \/>\n<meta property=\"og:description\" content=\"Epimen Plus Kapseln \u2013 Nat\u00fcrliches Nahrungserg\u00e4nzungsmittel zur Verbesserung der Potenz. Bestellen Sie jetzt auf der offiziellen Website und gewinnen Sie Ihr Vertrauen zur\u00fcck\" \/>\n<meta property=\"og:url\" content=\"https:\/\/epimen.hr\/de\/produkt\/epimen-plus-kapseln\/\" \/>\n<meta property=\"og:site_name\" content=\"Epimenplus\" \/>\n<meta property=\"article:publisher\" content=\"https:\/\/www.facebook.com\/epimenplushrvatska\" \/>\n<meta property=\"article:modified_time\" content=\"2026-03-03T15:34:36+00:00\" \/>\n<meta property=\"og:image\" content=\"https:\/\/epimen.hr\/wp-content\/uploads\/2025\/04\/epimen-plus-kapsule.jpg\" \/>\n\t<meta property=\"og:image:width\" content=\"1410\" \/>\n\t<meta property=\"og:image:height\" content=\"1410\" \/>\n\t<meta property=\"og:image:type\" content=\"image\/jpeg\" \/>\n<meta name=\"twitter:card\" content=\"summary_large_image\" \/>\n<meta name=\"twitter:label1\" content=\"Gesch\u00e4tzte Lesezeit\" \/>\n\t<meta name=\"twitter:data1\" content=\"1\u00a0Minute\" \/>\n<script type=\"application\/ld+json\" class=\"yoast-schema-graph\">{\"@context\":\"https:\/\/schema.org\",\"@graph\":[{\"@type\":\"WebPage\",\"@id\":\"https:\/\/epimen.hr\/de\/produkt\/epimen-plus-kapseln\/\",\"url\":\"https:\/\/epimen.hr\/de\/produkt\/epimen-plus-kapseln\/\",\"name\":\"Epimen Plus Kapseln \u2013 Nat\u00fcrliche Erg\u00e4nzung f\u00fcr eine bessere Potenz\",\"isPartOf\":{\"@id\":\"https:\/\/epimen.hr\/de\/#website\"},\"primaryImageOfPage\":{\"@id\":\"https:\/\/epimen.hr\/de\/produkt\/epimen-plus-kapseln\/#primaryimage\"},\"image\":{\"@id\":\"https:\/\/epimen.hr\/de\/produkt\/epimen-plus-kapseln\/#primaryimage\"},\"thumbnailUrl\":\"https:\/\/epimen.hr\/wp-content\/uploads\/2025\/04\/epimen-plus-kapsule.jpg\",\"datePublished\":\"2024-09-03T09:37:30+00:00\",\"dateModified\":\"2026-03-03T15:34:36+00:00\",\"description\":\"Epimen Plus Kapseln \u2013 Nat\u00fcrliches Nahrungserg\u00e4nzungsmittel zur Verbesserung der Potenz. Bestellen Sie jetzt auf der offiziellen Website und gewinnen Sie Ihr Vertrauen zur\u00fcck\",\"breadcrumb\":{\"@id\":\"https:\/\/epimen.hr\/de\/produkt\/epimen-plus-kapseln\/#breadcrumb\"},\"inLanguage\":\"de\",\"potentialAction\":[{\"@type\":\"ReadAction\",\"target\":[\"https:\/\/epimen.hr\/de\/produkt\/epimen-plus-kapseln\/\"]}]},{\"@type\":\"ImageObject\",\"inLanguage\":\"de\",\"@id\":\"https:\/\/epimen.hr\/de\/produkt\/epimen-plus-kapseln\/#primaryimage\",\"url\":\"https:\/\/epimen.hr\/wp-content\/uploads\/2025\/04\/epimen-plus-kapsule.jpg\",\"contentUrl\":\"https:\/\/epimen.hr\/wp-content\/uploads\/2025\/04\/epimen-plus-kapsule.jpg\",\"width\":1410,\"height\":1410},{\"@type\":\"BreadcrumbList\",\"@id\":\"https:\/\/epimen.hr\/de\/produkt\/epimen-plus-kapseln\/#breadcrumb\",\"itemListElement\":[{\"@type\":\"ListItem\",\"position\":1,\"name\":\"Po\u010detna stranica\",\"item\":\"https:\/\/epimen.hr\/de\/\"},{\"@type\":\"ListItem\",\"position\":2,\"name\":\"Webshop\",\"item\":\"https:\/\/epimen.hr\/de\/webshop\/\"},{\"@type\":\"ListItem\",\"position\":3,\"name\":\"Epimen Plus Kapseln\"}]},{\"@type\":\"WebSite\",\"@id\":\"https:\/\/epimen.hr\/de\/#website\",\"url\":\"https:\/\/epimen.hr\/de\/\",\"name\":\"Epimenplus\",\"description\":\"\",\"publisher\":{\"@id\":\"https:\/\/epimen.hr\/de\/#organization\"},\"potentialAction\":[{\"@type\":\"SearchAction\",\"target\":{\"@type\":\"EntryPoint\",\"urlTemplate\":\"https:\/\/epimen.hr\/de\/?s={search_term_string}\"},\"query-input\":{\"@type\":\"PropertyValueSpecification\",\"valueRequired\":true,\"valueName\":\"search_term_string\"}}],\"inLanguage\":\"de\"},{\"@type\":\"Organization\",\"@id\":\"https:\/\/epimen.hr\/de\/#organization\",\"name\":\"Epimen d.o.o.\",\"url\":\"https:\/\/epimen.hr\/de\/\",\"logo\":{\"@type\":\"ImageObject\",\"inLanguage\":\"de\",\"@id\":\"https:\/\/epimen.hr\/de\/#\/schema\/logo\/image\/\",\"url\":\"https:\/\/epimen.hr\/wp-content\/uploads\/2024\/08\/epimen_logo.png\",\"contentUrl\":\"https:\/\/epimen.hr\/wp-content\/uploads\/2024\/08\/epimen_logo.png\",\"width\":336,\"height\":38,\"caption\":\"Epimen d.o.o.\"},\"image\":{\"@id\":\"https:\/\/epimen.hr\/de\/#\/schema\/logo\/image\/\"},\"sameAs\":[\"https:\/\/www.facebook.com\/epimenplushrvatska\"]}]}<\/script>\n<!-- \/ Yoast SEO plugin. -->","yoast_head_json":{"title":"Epimen Plus Kapseln \u2013 Nat\u00fcrliche Erg\u00e4nzung f\u00fcr eine bessere Potenz","description":"Epimen Plus Kapseln \u2013 Nat\u00fcrliches Nahrungserg\u00e4nzungsmittel zur Verbesserung der Potenz. Bestellen Sie jetzt auf der offiziellen Website und gewinnen Sie Ihr Vertrauen zur\u00fcck","robots":{"index":"index","follow":"follow","max-snippet":"max-snippet:-1","max-image-preview":"max-image-preview:large","max-video-preview":"max-video-preview:-1"},"canonical":"https:\/\/epimen.hr\/de\/produkt\/epimen-plus-kapseln\/","og_locale":"de_DE","og_type":"article","og_title":"Epimen Plus Kapseln \u2013 Nat\u00fcrliche Erg\u00e4nzung f\u00fcr eine bessere Potenz","og_description":"Epimen Plus Kapseln \u2013 Nat\u00fcrliches Nahrungserg\u00e4nzungsmittel zur Verbesserung der Potenz. Bestellen Sie jetzt auf der offiziellen Website und gewinnen Sie Ihr Vertrauen zur\u00fcck","og_url":"https:\/\/epimen.hr\/de\/produkt\/epimen-plus-kapseln\/","og_site_name":"Epimenplus","article_publisher":"https:\/\/www.facebook.com\/epimenplushrvatska","article_modified_time":"2026-03-03T15:34:36+00:00","og_image":[{"width":1410,"height":1410,"url":"https:\/\/epimen.hr\/wp-content\/uploads\/2025\/04\/epimen-plus-kapsule.jpg","type":"image\/jpeg"}],"twitter_card":"summary_large_image","twitter_misc":{"Gesch\u00e4tzte Lesezeit":"1\u00a0Minute"},"schema":{"@context":"https:\/\/schema.org","@graph":[{"@type":"WebPage","@id":"https:\/\/epimen.hr\/de\/produkt\/epimen-plus-kapseln\/","url":"https:\/\/epimen.hr\/de\/produkt\/epimen-plus-kapseln\/","name":"Epimen Plus Kapseln \u2013 Nat\u00fcrliche Erg\u00e4nzung f\u00fcr eine bessere Potenz","isPartOf":{"@id":"https:\/\/epimen.hr\/de\/#website"},"primaryImageOfPage":{"@id":"https:\/\/epimen.hr\/de\/produkt\/epimen-plus-kapseln\/#primaryimage"},"image":{"@id":"https:\/\/epimen.hr\/de\/produkt\/epimen-plus-kapseln\/#primaryimage"},"thumbnailUrl":"https:\/\/epimen.hr\/wp-content\/uploads\/2025\/04\/epimen-plus-kapsule.jpg","datePublished":"2024-09-03T09:37:30+00:00","dateModified":"2026-03-03T15:34:36+00:00","description":"Epimen Plus Kapseln \u2013 Nat\u00fcrliches Nahrungserg\u00e4nzungsmittel zur Verbesserung der Potenz. Bestellen Sie jetzt auf der offiziellen Website und gewinnen Sie Ihr Vertrauen zur\u00fcck","breadcrumb":{"@id":"https:\/\/epimen.hr\/de\/produkt\/epimen-plus-kapseln\/#breadcrumb"},"inLanguage":"de","potentialAction":[{"@type":"ReadAction","target":["https:\/\/epimen.hr\/de\/produkt\/epimen-plus-kapseln\/"]}]},{"@type":"ImageObject","inLanguage":"de","@id":"https:\/\/epimen.hr\/de\/produkt\/epimen-plus-kapseln\/#primaryimage","url":"https:\/\/epimen.hr\/wp-content\/uploads\/2025\/04\/epimen-plus-kapsule.jpg","contentUrl":"https:\/\/epimen.hr\/wp-content\/uploads\/2025\/04\/epimen-plus-kapsule.jpg","width":1410,"height":1410},{"@type":"BreadcrumbList","@id":"https:\/\/epimen.hr\/de\/produkt\/epimen-plus-kapseln\/#breadcrumb","itemListElement":[{"@type":"ListItem","position":1,"name":"Po\u010detna stranica","item":"https:\/\/epimen.hr\/de\/"},{"@type":"ListItem","position":2,"name":"Webshop","item":"https:\/\/epimen.hr\/de\/webshop\/"},{"@type":"ListItem","position":3,"name":"Epimen Plus Kapseln"}]},{"@type":"WebSite","@id":"https:\/\/epimen.hr\/de\/#website","url":"https:\/\/epimen.hr\/de\/","name":"Epimenplus","description":"","publisher":{"@id":"https:\/\/epimen.hr\/de\/#organization"},"potentialAction":[{"@type":"SearchAction","target":{"@type":"EntryPoint","urlTemplate":"https:\/\/epimen.hr\/de\/?s={search_term_string}"},"query-input":{"@type":"PropertyValueSpecification","valueRequired":true,"valueName":"search_term_string"}}],"inLanguage":"de"},{"@type":"Organization","@id":"https:\/\/epimen.hr\/de\/#organization","name":"Epimen d.o.o.","url":"https:\/\/epimen.hr\/de\/","logo":{"@type":"ImageObject","inLanguage":"de","@id":"https:\/\/epimen.hr\/de\/#\/schema\/logo\/image\/","url":"https:\/\/epimen.hr\/wp-content\/uploads\/2024\/08\/epimen_logo.png","contentUrl":"https:\/\/epimen.hr\/wp-content\/uploads\/2024\/08\/epimen_logo.png","width":336,"height":38,"caption":"Epimen d.o.o."},"image":{"@id":"https:\/\/epimen.hr\/de\/#\/schema\/logo\/image\/"},"sameAs":["https:\/\/www.facebook.com\/epimenplushrvatska"]}]}},"_links":{"self":[{"href":"https:\/\/epimen.hr\/de\/wp-json\/wp\/v2\/product\/2151","targetHints":{"allow":["GET"]}}],"collection":[{"href":"https:\/\/epimen.hr\/de\/wp-json\/wp\/v2\/product"}],"about":[{"href":"https:\/\/epimen.hr\/de\/wp-json\/wp\/v2\/types\/product"}],"wp:featuredmedia":[{"embeddable":true,"href":"https:\/\/epimen.hr\/de\/wp-json\/wp\/v2\/media\/3178"}],"wp:attachment":[{"href":"https:\/\/epimen.hr\/de\/wp-json\/wp\/v2\/media?parent=2151"}],"wp:term":[{"taxonomy":"product_brand","embeddable":true,"href":"https:\/\/epimen.hr\/de\/wp-json\/wp\/v2\/product_brand?post=2151"},{"taxonomy":"product_cat","embeddable":true,"href":"https:\/\/epimen.hr\/de\/wp-json\/wp\/v2\/product_cat?post=2151"},{"taxonomy":"product_tag","embeddable":true,"href":"https:\/\/epimen.hr\/de\/wp-json\/wp\/v2\/product_tag?post=2151"}],"curies":[{"name":"wp","href":"https:\/\/api.w.org\/{rel}","templated":true}]}}