{"id":2026,"date":"2024-08-14T12:35:30","date_gmt":"2024-08-14T10:35:30","guid":{"rendered":"https:\/\/epimenplus.com\/kontakt\/"},"modified":"2026-02-05T14:59:30","modified_gmt":"2026-02-05T13:59:30","slug":"kontakt","status":"publish","type":"page","link":"https:\/\/epimen.hr\/de\/kontakt\/","title":{"rendered":"Kontakt"},"content":{"rendered":"\t\t<div data-elementor-type=\"wp-page\" data-elementor-id=\"2026\" class=\"elementor elementor-2026 elementor-23\" data-elementor-post-type=\"page\">\n\t\t\t\t<div class=\"elementor-element elementor-element-67fef1e5 e-flex e-con-boxed e-con e-parent\" data-id=\"67fef1e5\" data-element_type=\"container\" data-e-type=\"container\" data-settings=\"{&quot;background_background&quot;:&quot;classic&quot;}\">\n\t\t\t\t\t<div class=\"e-con-inner\">\n\t\t\t\t<div class=\"elementor-element elementor-element-90ecab9 elementor-widget elementor-widget-heading\" data-id=\"90ecab9\" data-element_type=\"widget\" data-e-type=\"widget\" data-widget_type=\"heading.default\">\n\t\t\t\t<div class=\"elementor-widget-container\">\n\t\t\t\t\t<h1 class=\"elementor-heading-title elementor-size-default\">Kontakt<\/h1>\t\t\t\t<\/div>\n\t\t\t\t<\/div>\n\t\t<div class=\"elementor-element elementor-element-116b645a e-con-full e-flex e-con e-child\" data-id=\"116b645a\" data-element_type=\"container\" data-e-type=\"container\">\n\t\t<div class=\"elementor-element elementor-element-146aded9 e-con-full max-width-710 e-flex e-con e-child\" data-id=\"146aded9\" data-element_type=\"container\" data-e-type=\"container\">\n\t\t\t\t<div class=\"elementor-element elementor-element-d0eb079 elementor-widget elementor-widget-text-editor\" data-id=\"d0eb079\" data-element_type=\"widget\" data-e-type=\"widget\" data-widget_type=\"text-editor.default\">\n\t\t\t\t<div class=\"elementor-widget-container\">\n\t\t\t\t\t\t\t\t\t<p>Brauchen Sie Rat?<\/p>\t\t\t\t\t\t\t\t<\/div>\n\t\t\t\t<\/div>\n\t\t\t\t<div class=\"elementor-element elementor-element-69cc6315 elementor-widget__width-inherit elementor-widget elementor-widget-heading\" data-id=\"69cc6315\" data-element_type=\"widget\" data-e-type=\"widget\" data-widget_type=\"heading.default\">\n\t\t\t\t<div class=\"elementor-widget-container\">\n\t\t\t\t\t<h2 class=\"elementor-heading-title elementor-size-default\">Sollten Sie Fragen zu Epimen Plus Kapseln haben, keine Sorge \u2013 wir sind f\u00fcr Sie da.<\/h2>\t\t\t\t<\/div>\n\t\t\t\t<\/div>\n\t\t\t\t<div class=\"elementor-element elementor-element-bc8ae43 elementor-widget elementor-widget-text-editor\" data-id=\"bc8ae43\" data-element_type=\"widget\" data-e-type=\"widget\" data-widget_type=\"text-editor.default\">\n\t\t\t\t<div class=\"elementor-widget-container\">\n\t\t\t\t\t\t\t\t\t<p>Senden Sie uns eine Anfrage per E-Mail an <a style=\"color: #a3b18a; text-decoration: underline;\" href=\"mailto:epimenplus@gmail.com\">epimenplus@gmail.com<\/a> oder kontaktieren Sie uns \u00fcber das Kontaktformular. Unsere Mitarbeiter werden sich in K\u00fcrze mit Ihnen in Verbindung setzen \u2013 selbstverst\u00e4ndlich absolut diskret.<\/p>\t\t\t\t\t\t\t\t<\/div>\n\t\t\t\t<\/div>\n\t\t\t\t<div class=\"elementor-element elementor-element-e4f2cd0 elementor-button-align-stretch elementor-widget elementor-widget-form\" data-id=\"e4f2cd0\" data-element_type=\"widget\" data-e-type=\"widget\" data-settings=\"{&quot;button_width&quot;:&quot;20&quot;,&quot;step_next_label&quot;:&quot;N\\u00e4chste&quot;,&quot;step_previous_label&quot;:&quot;Vorherige&quot;,&quot;step_type&quot;:&quot;number_text&quot;,&quot;step_icon_shape&quot;:&quot;circle&quot;}\" data-widget_type=\"form.default\">\n\t\t\t\t<div class=\"elementor-widget-container\">\n\t\t\t\t\t\t\t<form class=\"elementor-form\" method=\"post\" name=\"Neues Formular\" aria-label=\"Neues Formular\">\n\t\t\t<input type=\"hidden\" name=\"post_id\" value=\"2026\"\/>\n\t\t\t<input type=\"hidden\" name=\"form_id\" value=\"e4f2cd0\"\/>\n\t\t\t<input type=\"hidden\" name=\"referer_title\" value=\"Epimen Plus Kontakt \u2013 Kontaktieren Sie uns bei allen Produktfragen\" \/>\n\n\t\t\t\t\t\t\t<input type=\"hidden\" name=\"queried_id\" value=\"2026\"\/>\n\t\t\t\n\t\t\t<div class=\"elementor-form-fields-wrapper elementor-labels-above\">\n\t\t\t\t\t\t\t\t<div class=\"elementor-field-type-text elementor-field-group elementor-column elementor-field-group-name elementor-col-100\">\n\t\t\t\t\t\t\t\t\t\t\t\t<label for=\"form-field-name\" class=\"elementor-field-label\">\n\t\t\t\t\t\t\t\tName und Nachname *\t\t\t\t\t\t\t<\/label>\n\t\t\t\t\t\t\t\t\t\t\t\t\t\t<input size=\"1\" type=\"text\" name=\"form_fields[name]\" id=\"form-field-name\" class=\"elementor-field elementor-size-sm  elementor-field-textual\">\n\t\t\t\t\t\t\t\t\t\t\t<\/div>\n\t\t\t\t\t\t\t\t<div class=\"elementor-field-type-email elementor-field-group elementor-column elementor-field-group-email elementor-col-100 elementor-field-required\">\n\t\t\t\t\t\t\t\t\t\t\t\t<label for=\"form-field-email\" class=\"elementor-field-label\">\n\t\t\t\t\t\t\t\tE-Mail-Adresse *\t\t\t\t\t\t\t<\/label>\n\t\t\t\t\t\t\t\t\t\t\t\t\t\t<input size=\"1\" type=\"email\" name=\"form_fields[email]\" id=\"form-field-email\" class=\"elementor-field elementor-size-sm  elementor-field-textual\" required=\"required\">\n\t\t\t\t\t\t\t\t\t\t\t<\/div>\n\t\t\t\t\t\t\t\t<div class=\"elementor-field-type-textarea elementor-field-group elementor-column elementor-field-group-message elementor-col-100\">\n\t\t\t\t\t\t\t\t\t\t\t\t<label for=\"form-field-message\" class=\"elementor-field-label\">\n\t\t\t\t\t\t\t\tNachricht *\t\t\t\t\t\t\t<\/label>\n\t\t\t\t\t\t<textarea class=\"elementor-field-textual elementor-field  elementor-size-sm\" name=\"form_fields[message]\" id=\"form-field-message\" rows=\"10\"><\/textarea>\t\t\t\t<\/div>\n\t\t\t\t\t\t\t\t<div class=\"elementor-field-group elementor-column elementor-field-type-submit elementor-col-20 e-form__buttons\">\n\t\t\t\t\t<button class=\"elementor-button elementor-size-sm\" type=\"submit\">\n\t\t\t\t\t\t<span class=\"elementor-button-content-wrapper\">\n\t\t\t\t\t\t\t\t\t\t\t\t\t\t\t\t\t\t\t\t\t\t<span class=\"elementor-button-text\">Schicken<\/span>\n\t\t\t\t\t\t\t\t\t\t\t\t\t<\/span>\n\t\t\t\t\t<\/button>\n\t\t\t\t<\/div>\n\t\t\t<\/div>\n\t\t<\/form>\n\t\t\t\t\t\t<\/div>\n\t\t\t\t<\/div>\n\t\t\t\t<\/div>\n\t\t\t\t<div class=\"elementor-element elementor-element-d285b7a elementor-widget elementor-widget-image\" data-id=\"d285b7a\" data-element_type=\"widget\" data-e-type=\"widget\" data-widget_type=\"image.default\">\n\t\t\t\t<div class=\"elementor-widget-container\">\n\t\t\t\t\t\t\t\t\t\t\t\t\t\t\t<img fetchpriority=\"high\" decoding=\"async\" width=\"1030\" height=\"1980\" src=\"https:\/\/epimen.hr\/wp-content\/uploads\/2024\/08\/pexels-cottonbro-3692759-1.jpg\" class=\"attachment-full size-full wp-image-2034\" alt=\"\" srcset=\"https:\/\/epimen.hr\/wp-content\/uploads\/2024\/08\/pexels-cottonbro-3692759-1.jpg 1030w, https:\/\/epimen.hr\/wp-content\/uploads\/2024\/08\/pexels-cottonbro-3692759-1-600x1153.jpg 600w, https:\/\/epimen.hr\/wp-content\/uploads\/2024\/08\/pexels-cottonbro-3692759-1-156x300.jpg 156w, https:\/\/epimen.hr\/wp-content\/uploads\/2024\/08\/pexels-cottonbro-3692759-1-533x1024.jpg 533w, https:\/\/epimen.hr\/wp-content\/uploads\/2024\/08\/pexels-cottonbro-3692759-1-768x1476.jpg 768w, https:\/\/epimen.hr\/wp-content\/uploads\/2024\/08\/pexels-cottonbro-3692759-1-799x1536.jpg 799w\" sizes=\"(max-width: 1030px) 100vw, 1030px\" \/>\t\t\t\t\t\t\t\t\t\t\t\t\t\t\t<\/div>\n\t\t\t\t<\/div>\n\t\t\t\t<\/div>\n\t\t\t\t\t<\/div>\n\t\t\t\t<\/div>\n\t\t\t\t<\/div>\n\t\t","protected":false},"excerpt":{"rendered":"<p>Kontakt Brauchen Sie Rat? Sollten Sie Fragen zu Epimen Plus Kapseln haben, keine Sorge \u2013 wir sind f\u00fcr Sie da. Senden Sie uns eine Anfrage per E-Mail an epimenplus@gmail.com oder kontaktieren Sie uns \u00fcber das Kontaktformular. Unsere Mitarbeiter werden sich in K\u00fcrze mit Ihnen in Verbindung setzen \u2013 selbstverst\u00e4ndlich absolut diskret.<\/p>\n","protected":false},"author":1,"featured_media":0,"parent":0,"menu_order":0,"comment_status":"closed","ping_status":"closed","template":"","meta":{"footnotes":""},"class_list":["post-2026","page","type-page","status-publish","hentry"],"yoast_head":"<!-- This site is optimized with the Yoast SEO plugin v27.1.1 - https:\/\/yoast.com\/product\/yoast-seo-wordpress\/ -->\n<title>Epimen Plus Kontakt \u2013 Kontaktieren Sie uns bei allen Produktfragen<\/title>\n<meta name=\"description\" content=\"Kontaktieren Sie uns \u2013 Sie haben Fragen zu Epimen Plus Produkten? Kontaktieren Sie uns per E-Mail oder Kontaktformular.\" \/>\n<meta name=\"robots\" content=\"index, follow, max-snippet:-1, max-image-preview:large, max-video-preview:-1\" \/>\n<link rel=\"canonical\" href=\"https:\/\/epimen.hr\/de\/kontakt\/\" \/>\n<meta property=\"og:locale\" content=\"de_DE\" \/>\n<meta property=\"og:type\" content=\"article\" \/>\n<meta property=\"og:title\" content=\"Epimen Plus Kontakt \u2013 Kontaktieren Sie uns bei allen Produktfragen\" \/>\n<meta property=\"og:description\" content=\"Kontaktieren Sie uns \u2013 Sie haben Fragen zu Epimen Plus Produkten? Kontaktieren Sie uns per E-Mail oder Kontaktformular.\" \/>\n<meta property=\"og:url\" content=\"https:\/\/epimen.hr\/de\/kontakt\/\" \/>\n<meta property=\"og:site_name\" content=\"Epimenplus\" \/>\n<meta property=\"article:publisher\" content=\"https:\/\/www.facebook.com\/epimenplushrvatska\" \/>\n<meta property=\"article:modified_time\" content=\"2026-02-05T13:59:30+00:00\" \/>\n<meta property=\"og:image\" content=\"https:\/\/epimen.hr\/wp-content\/uploads\/2024\/08\/pexels-cottonbro-3692759-1.jpg\" \/>\n\t<meta property=\"og:image:width\" content=\"1030\" \/>\n\t<meta property=\"og:image:height\" content=\"1980\" \/>\n\t<meta property=\"og:image:type\" content=\"image\/jpeg\" \/>\n<meta name=\"twitter:card\" content=\"summary_large_image\" \/>\n<script type=\"application\/ld+json\" class=\"yoast-schema-graph\">{\"@context\":\"https:\/\/schema.org\",\"@graph\":[{\"@type\":\"WebPage\",\"@id\":\"https:\/\/epimen.hr\/de\/kontakt\/\",\"url\":\"https:\/\/epimen.hr\/de\/kontakt\/\",\"name\":\"Epimen Plus Kontakt \u2013 Kontaktieren Sie uns bei allen Produktfragen\",\"isPartOf\":{\"@id\":\"https:\/\/epimen.hr\/de\/#website\"},\"primaryImageOfPage\":{\"@id\":\"https:\/\/epimen.hr\/de\/kontakt\/#primaryimage\"},\"image\":{\"@id\":\"https:\/\/epimen.hr\/de\/kontakt\/#primaryimage\"},\"thumbnailUrl\":\"https:\/\/epimen.hr\/wp-content\/uploads\/2024\/08\/pexels-cottonbro-3692759-1.jpg\",\"datePublished\":\"2024-08-14T10:35:30+00:00\",\"dateModified\":\"2026-02-05T13:59:30+00:00\",\"description\":\"Kontaktieren Sie uns \u2013 Sie haben Fragen zu Epimen Plus Produkten? Kontaktieren Sie uns per E-Mail oder Kontaktformular.\",\"breadcrumb\":{\"@id\":\"https:\/\/epimen.hr\/de\/kontakt\/#breadcrumb\"},\"inLanguage\":\"de\",\"potentialAction\":[{\"@type\":\"ReadAction\",\"target\":[\"https:\/\/epimen.hr\/de\/kontakt\/\"]}]},{\"@type\":\"ImageObject\",\"inLanguage\":\"de\",\"@id\":\"https:\/\/epimen.hr\/de\/kontakt\/#primaryimage\",\"url\":\"https:\/\/epimen.hr\/wp-content\/uploads\/2024\/08\/pexels-cottonbro-3692759-1.jpg\",\"contentUrl\":\"https:\/\/epimen.hr\/wp-content\/uploads\/2024\/08\/pexels-cottonbro-3692759-1.jpg\"},{\"@type\":\"BreadcrumbList\",\"@id\":\"https:\/\/epimen.hr\/de\/kontakt\/#breadcrumb\",\"itemListElement\":[{\"@type\":\"ListItem\",\"position\":1,\"name\":\"Po\u010detna stranica\",\"item\":\"https:\/\/epimen.hr\/de\/\"},{\"@type\":\"ListItem\",\"position\":2,\"name\":\"Kontakt\"}]},{\"@type\":\"WebSite\",\"@id\":\"https:\/\/epimen.hr\/de\/#website\",\"url\":\"https:\/\/epimen.hr\/de\/\",\"name\":\"Epimenplus\",\"description\":\"\",\"publisher\":{\"@id\":\"https:\/\/epimen.hr\/de\/#organization\"},\"potentialAction\":[{\"@type\":\"SearchAction\",\"target\":{\"@type\":\"EntryPoint\",\"urlTemplate\":\"https:\/\/epimen.hr\/de\/?s={search_term_string}\"},\"query-input\":{\"@type\":\"PropertyValueSpecification\",\"valueRequired\":true,\"valueName\":\"search_term_string\"}}],\"inLanguage\":\"de\"},{\"@type\":\"Organization\",\"@id\":\"https:\/\/epimen.hr\/de\/#organization\",\"name\":\"Epimen d.o.o.\",\"url\":\"https:\/\/epimen.hr\/de\/\",\"logo\":{\"@type\":\"ImageObject\",\"inLanguage\":\"de\",\"@id\":\"https:\/\/epimen.hr\/de\/#\/schema\/logo\/image\/\",\"url\":\"https:\/\/epimen.hr\/wp-content\/uploads\/2024\/08\/epimen_logo.png\",\"contentUrl\":\"https:\/\/epimen.hr\/wp-content\/uploads\/2024\/08\/epimen_logo.png\",\"width\":336,\"height\":38,\"caption\":\"Epimen d.o.o.\"},\"image\":{\"@id\":\"https:\/\/epimen.hr\/de\/#\/schema\/logo\/image\/\"},\"sameAs\":[\"https:\/\/www.facebook.com\/epimenplushrvatska\"]}]}<\/script>\n<!-- \/ Yoast SEO plugin. -->","yoast_head_json":{"title":"Epimen Plus Kontakt \u2013 Kontaktieren Sie uns bei allen Produktfragen","description":"Kontaktieren Sie uns \u2013 Sie haben Fragen zu Epimen Plus Produkten? Kontaktieren Sie uns per E-Mail oder Kontaktformular.","robots":{"index":"index","follow":"follow","max-snippet":"max-snippet:-1","max-image-preview":"max-image-preview:large","max-video-preview":"max-video-preview:-1"},"canonical":"https:\/\/epimen.hr\/de\/kontakt\/","og_locale":"de_DE","og_type":"article","og_title":"Epimen Plus Kontakt \u2013 Kontaktieren Sie uns bei allen Produktfragen","og_description":"Kontaktieren Sie uns \u2013 Sie haben Fragen zu Epimen Plus Produkten? Kontaktieren Sie uns per E-Mail oder Kontaktformular.","og_url":"https:\/\/epimen.hr\/de\/kontakt\/","og_site_name":"Epimenplus","article_publisher":"https:\/\/www.facebook.com\/epimenplushrvatska","article_modified_time":"2026-02-05T13:59:30+00:00","og_image":[{"width":1030,"height":1980,"url":"https:\/\/epimen.hr\/wp-content\/uploads\/2024\/08\/pexels-cottonbro-3692759-1.jpg","type":"image\/jpeg"}],"twitter_card":"summary_large_image","schema":{"@context":"https:\/\/schema.org","@graph":[{"@type":"WebPage","@id":"https:\/\/epimen.hr\/de\/kontakt\/","url":"https:\/\/epimen.hr\/de\/kontakt\/","name":"Epimen Plus Kontakt \u2013 Kontaktieren Sie uns bei allen Produktfragen","isPartOf":{"@id":"https:\/\/epimen.hr\/de\/#website"},"primaryImageOfPage":{"@id":"https:\/\/epimen.hr\/de\/kontakt\/#primaryimage"},"image":{"@id":"https:\/\/epimen.hr\/de\/kontakt\/#primaryimage"},"thumbnailUrl":"https:\/\/epimen.hr\/wp-content\/uploads\/2024\/08\/pexels-cottonbro-3692759-1.jpg","datePublished":"2024-08-14T10:35:30+00:00","dateModified":"2026-02-05T13:59:30+00:00","description":"Kontaktieren Sie uns \u2013 Sie haben Fragen zu Epimen Plus Produkten? Kontaktieren Sie uns per E-Mail oder Kontaktformular.","breadcrumb":{"@id":"https:\/\/epimen.hr\/de\/kontakt\/#breadcrumb"},"inLanguage":"de","potentialAction":[{"@type":"ReadAction","target":["https:\/\/epimen.hr\/de\/kontakt\/"]}]},{"@type":"ImageObject","inLanguage":"de","@id":"https:\/\/epimen.hr\/de\/kontakt\/#primaryimage","url":"https:\/\/epimen.hr\/wp-content\/uploads\/2024\/08\/pexels-cottonbro-3692759-1.jpg","contentUrl":"https:\/\/epimen.hr\/wp-content\/uploads\/2024\/08\/pexels-cottonbro-3692759-1.jpg"},{"@type":"BreadcrumbList","@id":"https:\/\/epimen.hr\/de\/kontakt\/#breadcrumb","itemListElement":[{"@type":"ListItem","position":1,"name":"Po\u010detna stranica","item":"https:\/\/epimen.hr\/de\/"},{"@type":"ListItem","position":2,"name":"Kontakt"}]},{"@type":"WebSite","@id":"https:\/\/epimen.hr\/de\/#website","url":"https:\/\/epimen.hr\/de\/","name":"Epimenplus","description":"","publisher":{"@id":"https:\/\/epimen.hr\/de\/#organization"},"potentialAction":[{"@type":"SearchAction","target":{"@type":"EntryPoint","urlTemplate":"https:\/\/epimen.hr\/de\/?s={search_term_string}"},"query-input":{"@type":"PropertyValueSpecification","valueRequired":true,"valueName":"search_term_string"}}],"inLanguage":"de"},{"@type":"Organization","@id":"https:\/\/epimen.hr\/de\/#organization","name":"Epimen d.o.o.","url":"https:\/\/epimen.hr\/de\/","logo":{"@type":"ImageObject","inLanguage":"de","@id":"https:\/\/epimen.hr\/de\/#\/schema\/logo\/image\/","url":"https:\/\/epimen.hr\/wp-content\/uploads\/2024\/08\/epimen_logo.png","contentUrl":"https:\/\/epimen.hr\/wp-content\/uploads\/2024\/08\/epimen_logo.png","width":336,"height":38,"caption":"Epimen d.o.o."},"image":{"@id":"https:\/\/epimen.hr\/de\/#\/schema\/logo\/image\/"},"sameAs":["https:\/\/www.facebook.com\/epimenplushrvatska"]}]}},"_links":{"self":[{"href":"https:\/\/epimen.hr\/de\/wp-json\/wp\/v2\/pages\/2026","targetHints":{"allow":["GET"]}}],"collection":[{"href":"https:\/\/epimen.hr\/de\/wp-json\/wp\/v2\/pages"}],"about":[{"href":"https:\/\/epimen.hr\/de\/wp-json\/wp\/v2\/types\/page"}],"author":[{"embeddable":true,"href":"https:\/\/epimen.hr\/de\/wp-json\/wp\/v2\/users\/1"}],"replies":[{"embeddable":true,"href":"https:\/\/epimen.hr\/de\/wp-json\/wp\/v2\/comments?post=2026"}],"version-history":[{"count":5,"href":"https:\/\/epimen.hr\/de\/wp-json\/wp\/v2\/pages\/2026\/revisions"}],"predecessor-version":[{"id":4473,"href":"https:\/\/epimen.hr\/de\/wp-json\/wp\/v2\/pages\/2026\/revisions\/4473"}],"wp:attachment":[{"href":"https:\/\/epimen.hr\/de\/wp-json\/wp\/v2\/media?parent=2026"}],"curies":[{"name":"wp","href":"https:\/\/api.w.org\/{rel}","templated":true}]}}